{"id":5855,"date":"2026-04-26T19:11:03","date_gmt":"2026-04-26T23:11:03","guid":{"rendered":"https:\/\/florespascal.cl\/temuco\/?post_type=product&#038;p=5855"},"modified":"2026-04-26T19:15:40","modified_gmt":"2026-04-26T23:15:40","slug":"especial-mama-opcion-2","status":"publish","type":"product","link":"https:\/\/florespascal.cl\/temuco\/producto\/especial-mama-opcion-2\/","title":{"rendered":"Especial Mam\u00e1 (opci\u00f3n 2)"},"content":{"rendered":"<p>Caja silvestre dise\u00f1ada con flores en colores surtidos. Contempla flores como ; maules, astromelias, gypsofilia, limonium, follajes y dos rosas personalizadas. Acompa\u00f1ado de exquisita pasteleria. Ideal para sorprender a Mam\u00e1 en su dia.<\/p>\n","protected":false},"excerpt":{"rendered":"<p>Caja silvestre tipo mini cartera dise\u00f1ada con flores silvestres. Ideal para sorprender a Mam\u00e1.<\/p>\n","protected":false},"featured_media":5858,"template":"","meta":{"_themeisle_gutenberg_block_has_review":false,"_joinchat":[]},"product_brand":[],"product_cat":[20],"product_tag":[],"class_list":{"0":"post-5855","1":"product","2":"type-product","3":"status-publish","4":"has-post-thumbnail","6":"product_cat-cajas","8":"first","9":"instock","10":"taxable","11":"shipping-taxable","12":"purchasable","13":"product-type-variable"},"_links":{"self":[{"href":"https:\/\/florespascal.cl\/temuco\/wp-json\/wp\/v2\/product\/5855","targetHints":{"allow":["GET"]}}],"collection":[{"href":"https:\/\/florespascal.cl\/temuco\/wp-json\/wp\/v2\/product"}],"about":[{"href":"https:\/\/florespascal.cl\/temuco\/wp-json\/wp\/v2\/types\/product"}],"wp:featuredmedia":[{"embeddable":true,"href":"https:\/\/florespascal.cl\/temuco\/wp-json\/wp\/v2\/media\/5858"}],"wp:attachment":[{"href":"https:\/\/florespascal.cl\/temuco\/wp-json\/wp\/v2\/media?parent=5855"}],"wp:term":[{"taxonomy":"product_brand","embeddable":true,"href":"https:\/\/florespascal.cl\/temuco\/wp-json\/wp\/v2\/product_brand?post=5855"},{"taxonomy":"product_cat","embeddable":true,"href":"https:\/\/florespascal.cl\/temuco\/wp-json\/wp\/v2\/product_cat?post=5855"},{"taxonomy":"product_tag","embeddable":true,"href":"https:\/\/florespascal.cl\/temuco\/wp-json\/wp\/v2\/product_tag?post=5855"}],"curies":[{"name":"wp","href":"https:\/\/api.w.org\/{rel}","templated":true}]}}