{"id":254,"date":"2025-05-15T13:22:14","date_gmt":"2025-05-15T17:22:14","guid":{"rendered":"https:\/\/florespascal.cl\/temuco\/?post_type=product&#038;p=254"},"modified":"2026-04-30T00:01:04","modified_gmt":"2026-04-30T04:01:04","slug":"bouquet-de-12-rosas-multicolor","status":"publish","type":"product","link":"https:\/\/florespascal.cl\/temuco\/producto\/bouquet-de-12-rosas-multicolor\/","title":{"rendered":"Bouquet de 12 Rosas Multicolor"},"content":{"rendered":"<p>Bouquet de 12 rosas ecuatorianas de tallo largo. Las rosas ecuatorianas se diferencian de otras por el grosor de su bot\u00f3n, sus tallos son m\u00e1s grandes y gruesos, por lo que tambi\u00e9n tienen una mayor durabilidad.<\/p>\n","protected":false},"excerpt":{"rendered":"<p>Hermoso bouquet de 12 rosas ecuatorianas de tallo largo. Las rosas ecuatorianas se diferencian de otras por el grosor de su bot\u00f3n, sus tallos son m\u00e1s grandes y gruesos, por lo que tambi\u00e9n tienen una mayor durabilidad.<\/p>\n<p>Dimensi\u00f3n: 40cm de Alto.<\/p>\n<p><strong>Selecciona tu color preferido:<\/strong><\/p>\n","protected":false},"featured_media":352,"template":"","meta":{"_themeisle_gutenberg_block_has_review":false,"_joinchat":[]},"product_brand":[],"product_cat":[19],"product_tag":[],"class_list":{"0":"post-254","1":"product","2":"type-product","3":"status-publish","4":"has-post-thumbnail","6":"product_cat-bouquets","8":"first","9":"outofstock","10":"sale","11":"taxable","12":"shipping-taxable","13":"purchasable","14":"product-type-simple"},"_links":{"self":[{"href":"https:\/\/florespascal.cl\/temuco\/wp-json\/wp\/v2\/product\/254","targetHints":{"allow":["GET"]}}],"collection":[{"href":"https:\/\/florespascal.cl\/temuco\/wp-json\/wp\/v2\/product"}],"about":[{"href":"https:\/\/florespascal.cl\/temuco\/wp-json\/wp\/v2\/types\/product"}],"wp:featuredmedia":[{"embeddable":true,"href":"https:\/\/florespascal.cl\/temuco\/wp-json\/wp\/v2\/media\/352"}],"wp:attachment":[{"href":"https:\/\/florespascal.cl\/temuco\/wp-json\/wp\/v2\/media?parent=254"}],"wp:term":[{"taxonomy":"product_brand","embeddable":true,"href":"https:\/\/florespascal.cl\/temuco\/wp-json\/wp\/v2\/product_brand?post=254"},{"taxonomy":"product_cat","embeddable":true,"href":"https:\/\/florespascal.cl\/temuco\/wp-json\/wp\/v2\/product_cat?post=254"},{"taxonomy":"product_tag","embeddable":true,"href":"https:\/\/florespascal.cl\/temuco\/wp-json\/wp\/v2\/product_tag?post=254"}],"curies":[{"name":"wp","href":"https:\/\/api.w.org\/{rel}","templated":true}]}}