{"id":154,"date":"2025-05-15T13:20:06","date_gmt":"2025-05-15T17:20:06","guid":{"rendered":"https:\/\/florespascal.cl\/temuco\/?post_type=product&#038;p=154"},"modified":"2026-05-01T10:59:33","modified_gmt":"2026-05-01T14:59:33","slug":"ramo-mediano","status":"publish","type":"product","link":"https:\/\/florespascal.cl\/temuco\/producto\/ramo-mediano\/","title":{"rendered":"Ramo Mediano colores pasteles"},"content":{"rendered":"<p>Los ramos del d\u00eda son Bouquet dise\u00f1ado con flores frescas que nos llegan semana a semana. Es un arreglo especial para mantener tu florero siempre con flores frescas de estaci\u00f3n.<\/p>\n<p>Si requieres tu ramo del d\u00eda en alg\u00fan color en espec\u00edfico te puedes comunicar con nosotros antes de realizar tu pedido en nuestra tienda online, o bien en notas del pedido lo especificas.<\/p>\n<p>Solicita tu arreglo con reparto dentro de Temuco o bien lo agendas con Retiro en nuestra tienda f\u00edsica.<\/p>\n<p>Nota: Considera que la imagen es referencial, pero siempre mantendremos el estilo.<\/p>\n","protected":false},"excerpt":{"rendered":"<p>Ramo Mediano; su composici\u00f3n contempla rosas importadas, gerberas, alstroemerias, ma\u00fales, limonium mas follajes. Ideal para regalar en Aniversarios, cumplea\u00f1os, graduaciones, agradecimientos, san Valent\u00edn, d\u00eda de la madre, etc.<\/p>\n","protected":false},"featured_media":243,"template":"","meta":{"_themeisle_gutenberg_block_has_review":false,"_joinchat":[]},"product_brand":[],"product_cat":[19],"product_tag":[],"class_list":{"0":"post-154","1":"product","2":"type-product","3":"status-publish","4":"has-post-thumbnail","6":"product_cat-bouquets","8":"first","9":"instock","10":"taxable","11":"shipping-taxable","12":"purchasable","13":"product-type-simple"},"_links":{"self":[{"href":"https:\/\/florespascal.cl\/temuco\/wp-json\/wp\/v2\/product\/154","targetHints":{"allow":["GET"]}}],"collection":[{"href":"https:\/\/florespascal.cl\/temuco\/wp-json\/wp\/v2\/product"}],"about":[{"href":"https:\/\/florespascal.cl\/temuco\/wp-json\/wp\/v2\/types\/product"}],"wp:featuredmedia":[{"embeddable":true,"href":"https:\/\/florespascal.cl\/temuco\/wp-json\/wp\/v2\/media\/243"}],"wp:attachment":[{"href":"https:\/\/florespascal.cl\/temuco\/wp-json\/wp\/v2\/media?parent=154"}],"wp:term":[{"taxonomy":"product_brand","embeddable":true,"href":"https:\/\/florespascal.cl\/temuco\/wp-json\/wp\/v2\/product_brand?post=154"},{"taxonomy":"product_cat","embeddable":true,"href":"https:\/\/florespascal.cl\/temuco\/wp-json\/wp\/v2\/product_cat?post=154"},{"taxonomy":"product_tag","embeddable":true,"href":"https:\/\/florespascal.cl\/temuco\/wp-json\/wp\/v2\/product_tag?post=154"}],"curies":[{"name":"wp","href":"https:\/\/api.w.org\/{rel}","templated":true}]}}