{"id":719,"date":"2025-05-19T11:43:00","date_gmt":"2025-05-19T15:43:00","guid":{"rendered":"https:\/\/florespascal.cl\/temuco\/?page_id=719"},"modified":"2025-05-29T09:43:01","modified_gmt":"2025-05-29T13:43:01","slug":"contacto","status":"publish","type":"page","link":"https:\/\/florespascal.cl\/temuco\/contacto\/","title":{"rendered":"Contacto"},"content":{"rendered":"\n\n  <div class=\"banner has-hover\" id=\"banner-1533518710\">\n          <div class=\"banner-inner fill\">\n        <div class=\"banner-bg fill\" >\n            <img loading=\"lazy\" decoding=\"async\" width=\"1920\" height=\"461\" src=\"https:\/\/florespascal.cl\/temuco\/wp-content\/uploads\/sites\/2\/2025\/05\/Banner-Contacto.webp\" class=\"bg attachment-original size-original\" alt=\"\" \/>                        <div class=\"overlay\"><\/div>            \n                    <\/div>\n\t\t\n        <div class=\"banner-layers container\">\n            <div class=\"fill banner-link\"><\/div>            \n\n   <div id=\"text-box-702127822\" class=\"text-box banner-layer x50 md-x50 lg-x50 y15 md-y15 lg-y25 res-text\">\n                                <div class=\"text-box-content text dark\">\n              \n              <div class=\"text-inner text-center\">\n                  \n\n\t<div id=\"text-843878993\" class=\"text\">\n\t\t\n\n<h3 class=\"thin-font\">Cont\u00e1ctanos<\/h3>\n<p class=\"thin-font\">Estamos aqu\u00ed para ayudarte. Escr\u00edbenos y haremos florecer tus ideas<\/p>\n\t\t\n<style>\n#text-843878993 {\n  font-size: 1rem;\n  line-height: 1.3;\n}\n@media (min-width:550px) {\n  #text-843878993 {\n    font-size: 1.5rem;\n    line-height: 1.3;\n  }\n}\n@media (min-width:850px) {\n  #text-843878993 {\n    font-size: 1.5rem;\n  }\n}\n<\/style>\n\t<\/div>\n\t\n\n              <\/div>\n           <\/div>\n                            \n<style>\n#text-box-702127822 {\n  width: 91%;\n}\n#text-box-702127822 .text-box-content {\n  font-size: 100%;\n}\n@media (min-width:550px) {\n  #text-box-702127822 {\n    width: 76%;\n  }\n}\n@media (min-width:850px) {\n  #text-box-702127822 {\n    width: 90%;\n  }\n}\n<\/style>\n    <\/div>\n \n\n        <\/div>\n      <\/div>\n\n            \n<style>\n#banner-1533518710 {\n  padding-top: 369px;\n}\n#banner-1533518710 .overlay {\n  background-color: rgba(0, 0, 0, 0.36);\n}\n@media (min-width:550px) {\n  #banner-1533518710 {\n    padding-top: 403px;\n  }\n}\n@media (min-width:850px) {\n  #banner-1533518710 {\n    padding-top: 480px;\n  }\n}\n<\/style>\n  <\/div>\n\n\n\n\t<section class=\"section\" id=\"section_2091096204\">\n\t\t<div class=\"section-bg fill\" >\n\t\t\t\t\t\t\t\t\t\n\t\t\t\n\n\t\t<\/div>\n\n\t\t\n\n\t\t<div class=\"section-content relative\">\n\t\t\t\n\n<div class=\"row align-middle align-center\"  id=\"row-2014501506\">\n\n\n\t<div id=\"col-1531442834\" class=\"col medium-12 small-12 large-12\"  >\n\t\t\t\t<div class=\"col-inner\" style=\"background-color:rgb(229, 223, 240);\" >\n\t\t\t\n\t<div class=\"is-border\"\n\t\tstyle=\"border-color:rgb(0, 0, 0);border-width:1px 1px 1px 1px;\">\n\t<\/div>\n\t\t\t\n\n<div class=\"row align-middle align-center\"  id=\"row-788741956\">\n\n\n\t<div id=\"col-1589057148\" class=\"col medium-10 small-11 large-5\"  data-animate=\"fadeInLeft\">\n\t\t\t\t<div class=\"col-inner\"  >\n\t\t\t\n\t\t\t\n\n\t<div id=\"text-84055161\" class=\"text\">\n\t\t\n\n<h3>\u00bfEst\u00e1s planificando un evento o necesitas un arreglo a medida?<\/h3>\n\t\t\n<style>\n#text-84055161 {\n  font-size: 1.8rem;\n  line-height: 0.95;\n  color: rgb(47, 46, 46);\n}\n#text-84055161 > * {\n  color: rgb(47, 46, 46);\n}\n@media (min-width:550px) {\n  #text-84055161 {\n    font-size: 2.35rem;\n  }\n}\n@media (min-width:850px) {\n  #text-84055161 {\n    font-size: 2rem;\n  }\n}\n<\/style>\n\t<\/div>\n\t\n\t<div id=\"text-479695327\" class=\"text\">\n\t\t\n\n\n\t\t\n<style>\n#text-479695327 {\n  font-size: 1.1rem;\n  line-height: 1.2;\n  color: rgb(47, 46, 46);\n}\n#text-479695327 > * {\n  color: rgb(47, 46, 46);\n}\n@media (min-width:550px) {\n  #text-479695327 {\n    font-size: 1.2rem;\n  }\n}\n<\/style>\n\t<\/div>\n\t\n\t<div id=\"text-2247961699\" class=\"text\">\n\t\t\n\n<p>Nuestro equipo est\u00e1 listo para ayudarte a crear composiciones florales \u00fanicas que reflejen tu estilo y ocasi\u00f3n. Desde bodas \u00edntimas hasta cumplea\u00f1os vibrantes, y desde talleres hasta suscripciones mensuales, cada pedido lo desarrollamos con pasi\u00f3n y detalle.<br \/>Cu\u00e9ntanos lo que necesitas y te responderemos con una propuesta personalizada que haga florecer tu idea.<\/p>\n<p>Estamos a solo un mensaje de distancia.<\/p>\n\t\t\n<style>\n#text-2247961699 {\n  color: rgb(0,0,0);\n}\n#text-2247961699 > * {\n  color: rgb(0,0,0);\n}\n<\/style>\n\t<\/div>\n\t\n<div class=\"social-icons follow-icons\" ><a href=\"mailto:#\" data-label=\"E-mail\" target=\"_blank\" class=\"icon button circle is-outline tooltip email\" title=\"Env\u00edanos un email\" aria-label=\"Env\u00edanos un email\" rel=\"nofollow noopener\"><i class=\"icon-envelop\" aria-hidden=\"true\"><\/i><\/a><a href=\"tel:#\" data-label=\"Phone\" target=\"_blank\" class=\"icon button circle is-outline tooltip phone\" title=\"Ll\u00e1menos\" aria-label=\"Ll\u00e1menos\" rel=\"nofollow noopener\"><i class=\"icon-phone\" aria-hidden=\"true\"><\/i><\/a><\/div>\n\n\n\t\t<\/div>\n\t\t\t\t\n<style>\n#col-1589057148 > .col-inner {\n  padding: 0px 0px 0px 0px;\n}\n<\/style>\n\t<\/div>\n\n\t\n\n\t<div id=\"col-1933752908\" class=\"col hide-for-medium medium-1 small-12 large-1\"  >\n\t\t\t\t<div class=\"col-inner\"  >\n\t\t\t\n\t\t\t\n\n\n\t\t<\/div>\n\t\t\t\t\t<\/div>\n\n\t\n\n\t<div id=\"col-412939187\" class=\"col medium-10 small-11 large-5\"  data-animate=\"fadeInLeft\">\n\t\t\t\t<div class=\"col-inner\"  >\n\t\t\t\n\t\t\t\n\n\t<div id=\"text-3662418467\" class=\"text\">\n\t\t\n\n\n\t\t\n<style>\n#text-3662418467 {\n  font-size: 1.1rem;\n  line-height: 1.2;\n  color: rgb(47, 46, 46);\n}\n#text-3662418467 > * {\n  color: rgb(47, 46, 46);\n}\n@media (min-width:550px) {\n  #text-3662418467 {\n    font-size: 1.2rem;\n  }\n}\n<\/style>\n\t<\/div>\n\t\n\n<div class=\"wpcf7 no-js\" id=\"wpcf7-f6-o1\" lang=\"es-ES\" dir=\"ltr\" data-wpcf7-id=\"6\">\n<div class=\"screen-reader-response\"><p role=\"status\" aria-live=\"polite\" aria-atomic=\"true\"><\/p> <ul><\/ul><\/div>\n<form action=\"\/temuco\/wp-json\/wp\/v2\/pages\/719#wpcf7-f6-o1\" method=\"post\" class=\"wpcf7-form init\" aria-label=\"Formulario de contacto\" novalidate=\"novalidate\" data-status=\"init\">\n<fieldset class=\"hidden-fields-container\"><input type=\"hidden\" name=\"_wpcf7\" value=\"6\" \/><input type=\"hidden\" name=\"_wpcf7_version\" value=\"6.1.5\" \/><input type=\"hidden\" name=\"_wpcf7_locale\" value=\"es_ES\" \/><input type=\"hidden\" name=\"_wpcf7_unit_tag\" value=\"wpcf7-f6-o1\" \/><input type=\"hidden\" name=\"_wpcf7_container_post\" value=\"0\" \/><input type=\"hidden\" name=\"_wpcf7_posted_data_hash\" value=\"\" \/><input type=\"hidden\" name=\"_wpcf7_recaptcha_response\" value=\"\" \/>\n<\/fieldset>\n<div class=\"custom-form\">\n\t<div class=\"cf-col-6\">\n\t\t<p><span class=\"wpcf7-form-control-wrap\" data-name=\"your-name\"><input size=\"40\" maxlength=\"400\" class=\"wpcf7-form-control wpcf7-text wpcf7-validates-as-required\" id=\"nombre\" aria-required=\"true\" aria-invalid=\"false\" placeholder=\"Nombre completo\" value=\"\" type=\"text\" name=\"your-name\" \/><\/span>\n\t\t<\/p>\n\t<\/div>\n\t<div class=\"cf-col-6\">\n\t\t<p><span class=\"wpcf7-form-control-wrap\" data-name=\"your-phone\"><input size=\"40\" maxlength=\"400\" class=\"wpcf7-form-control wpcf7-tel wpcf7-validates-as-required wpcf7-text wpcf7-validates-as-tel\" id=\"telefono\" aria-required=\"true\" aria-invalid=\"false\" placeholder=\"N\u00famero de tel\u00e9fono\" value=\"\" type=\"tel\" name=\"your-phone\" \/><\/span>\n\t\t<\/p>\n\t<\/div>\n\t<div class=\"cf-col-12\">\n\t\t<p><span class=\"wpcf7-form-control-wrap\" data-name=\"your-email\"><input size=\"40\" maxlength=\"400\" class=\"wpcf7-form-control wpcf7-email wpcf7-validates-as-required wpcf7-text wpcf7-validates-as-email\" id=\"correo-electronico\" aria-required=\"true\" aria-invalid=\"false\" placeholder=\"Correo electr\u00f3nico\" value=\"\" type=\"email\" name=\"your-email\" \/><\/span>\n\t\t<\/p>\n\t<\/div>\n\t<div class=\"cf-col-12\">\n\t\t<p><span class=\"wpcf7-form-control-wrap\" data-name=\"your-service\"><select class=\"wpcf7-form-control wpcf7-select wpcf7-validates-as-required\" id=\"servicio\" aria-required=\"true\" aria-invalid=\"false\" name=\"your-service\"><option value=\"\">&#8212;Por favor, elige una opci\u00f3n&#8212;<\/option><option value=\"Selecciona un servicio\">Selecciona un servicio<\/option><option value=\"Compra Mayorista\">Compra Mayorista<\/option><option value=\"Cotizar Evento\">Cotizar Evento<\/option><option value=\"Matrimonios\">Matrimonios<\/option><option value=\"Otros servicios\">Otros servicios<\/option><\/select><\/span>\n\t\t<\/p>\n\t<\/div>\n\t<div class=\"cf-col-12\">\n\t\t<p><span class=\"wpcf7-form-control-wrap\" data-name=\"your-message\"><textarea cols=\"40\" rows=\"10\" maxlength=\"2000\" class=\"wpcf7-form-control wpcf7-textarea wpcf7-validates-as-required\" id=\"mensaje\" aria-required=\"true\" aria-invalid=\"false\" placeholder=\"Escribe tu mensaje aqu\u00ed...\" name=\"your-message\"><\/textarea><\/span>\n\t\t<\/p>\n\t<\/div>\n\t<div class=\"cf-col-12 cf-acceptance\">\n\t\t<p><label class=\"acceptance-label\"><span class=\"wpcf7-form-control-wrap\" data-name=\"your-consent\"><span class=\"wpcf7-form-control wpcf7-acceptance\"><span class=\"wpcf7-list-item\"><label><input type=\"checkbox\" name=\"your-consent\" value=\"1\" aria-invalid=\"false\" \/><span class=\"wpcf7-list-item-label\">Acepto el uso de mi informaci\u00f3n<\/span><\/label><\/span><\/span><\/span><\/label>\n\t\t<\/p>\n\t<\/div>\n\t<div class=\"cf-col-12\">\n\t\t<p><input class=\"wpcf7-form-control wpcf7-submit has-spinner\" type=\"submit\" value=\"Enviar\" \/>\n\t\t<\/p>\n\t<\/div>\n\t<div class=\"cf-col-12 cf-col-recaptcha\">\n\t\t<div class=\"recaptcha-text\">\n\t\t\t<p>Este sitio est\u00e1 protegido por reCAPTCHA y se aplican la<br \/>\n<a href=\"https:\/\/policies.google.com\/privacy\" target=\"_blank\">Pol\u00edtica de Privacidad<\/a> y<br \/>\n<a href=\"https:\/\/policies.google.com\/terms\" target=\"_blank\">T\u00e9rminos de Servicio<\/a> de Google.\n\t\t\t<\/p>\n\t\t<\/div>\n\t<\/div>\n<\/div><div class=\"wpcf7-response-output\" aria-hidden=\"true\"><\/div>\n<\/form>\n<\/div>\n\n\n\n\t\t<\/div>\n\t\t\t\t\n<style>\n#col-412939187 > .col-inner {\n  padding: 0px 0px 0px 0px;\n  margin: -54px 0px 0px 0px;\n}\n@media (min-width:550px) {\n  #col-412939187 > .col-inner {\n    margin: 30px 0px 0px 0px;\n  }\n}\n<\/style>\n\t<\/div>\n\n\t\n\n\n<style>\n#row-788741956 > .col > .col-inner {\n  padding: 30px 0px 0px 0px;\n}\n@media (min-width:550px) {\n  #row-788741956 > .col > .col-inner {\n    padding: 30px 0px 0px 0px;\n  }\n}\n<\/style>\n<\/div>\n\n\t\t<\/div>\n\t\t\t\t\n<style>\n#col-1531442834 > .col-inner {\n  padding: 20px 20px 20px 20px;\n  margin: -268px 0px 0px 0px;\n}\n@media (min-width:550px) {\n  #col-1531442834 > .col-inner {\n    padding: 20px 20px 20px 20px;\n    margin: -248px 0px 0px 0px;\n  }\n}\n<\/style>\n\t<\/div>\n\n\t\n\n<\/div>\n\t<div id=\"gap-1826046082\" class=\"gap-element clearfix\" style=\"display:block; height:auto;\">\n\t\t\n<style>\n#gap-1826046082 {\n  padding-top: 35px;\n}\n<\/style>\n\t<\/div>\n\t\n\n<div class=\"row align-middle align-center\"  id=\"row-1539366870\">\n\n\n\t<div id=\"col-496208998\" class=\"col small-12 large-12\"  >\n\t\t\t\t<div class=\"col-inner\"  >\n\t\t\t\n\t\t\t\n\n<div class=\"row\"  id=\"row-122881156\">\n\n\n\t<div id=\"col-1500997434\" class=\"col small-12 large-12\"  >\n\t\t\t\t<div class=\"col-inner text-center\"  >\n\t\t\t\n\t\t\t\n\n\t<div id=\"text-1924702508\" class=\"text\">\n\t\t\n\n<h3>Vis\u00edtanos en nuestra tienda f\u00edsica en Temuco<\/h3>\n\t\t\n<style>\n#text-1924702508 {\n  font-size: 2rem;\n  line-height: 1.3;\n  text-align: center;\n  color: rgb(0,0,0);\n}\n#text-1924702508 > * {\n  color: rgb(0,0,0);\n}\n@media (min-width:550px) {\n  #text-1924702508 {\n    font-size: 1.5rem;\n  }\n}\n<\/style>\n\t<\/div>\n\t\n\t<div id=\"text-183941908\" class=\"text\">\n\t\t\n\n<p>Descubre todos nuestros arreglos en persona.<\/p>\n\t\t\n<style>\n#text-183941908 {\n  text-align: center;\n  color: rgb(0,0,0);\n}\n#text-183941908 > * {\n  color: rgb(0,0,0);\n}\n<\/style>\n\t<\/div>\n\t\n<a class=\"button primary lowercase buttoncustombl\" style=\"border-radius:10px;padding:0px 60px 0px 60px;\">\n\t\t<span>\u00bfC\u00f3mo llegar?<\/span>\n\t<\/a>\n\n\n\n\t\t<\/div>\n\t\t\t\t\t<\/div>\n\n\t\n\n<\/div>\n<div class=\"row align-middle align-center\"  id=\"row-1299753014\">\n\n\n\t<div id=\"col-2003760664\" class=\"col small-11 large-12\"  >\n\t\t\t\t<div class=\"col-inner\" style=\"background-color:rgb(187, 206, 195);\" >\n\t\t\t\n\t<div class=\"is-border\"\n\t\tstyle=\"border-color:rgb(0, 0, 0);border-width:1px 1px 1px 1px;\">\n\t<\/div>\n\t\t\t\n\n\n\n<iframe src=\"https:\/\/www.google.com\/maps\/embed?pb=!1m18!1m12!1m3!1d6224.103898826069!2d-72.63717665034146!3d-38.73957009949349!2m3!1f0!2f0!3f0!3m2!1i1024!2i768!4f13.1!3m3!1m2!1s0x9614d5642161e773%3A0xcf2dac4604e44cff!2sPascal%20Flores%20y%20Eventos!5e0!3m2!1ses-419!2scl!4v1683555085467!5m2!1ses-419!2scl\" width=\"100%\" height=\"400\" style=\"border:0;\" allowfullscreen=\"\" loading=\"lazy\" referrerpolicy=\"no-referrer-when-downgrade\"><\/iframe>\n\n\n\t\t<\/div>\n\t\t\t\t\n<style>\n#col-2003760664 > .col-inner {\n  padding: 20px 20px 20px 20px;\n  margin: 0px 0px 0px 0px;\n}\n@media (min-width:550px) {\n  #col-2003760664 > .col-inner {\n    padding: 20px 20px 20px 20px;\n  }\n}\n<\/style>\n\t<\/div>\n\n\t\n\n<\/div>\n\n\t\t<\/div>\n\t\t\t\t\n<style>\n#col-496208998 > .col-inner {\n  margin: 0px 0px -58px 0px;\n}\n<\/style>\n\t<\/div>\n\n\t\n\n<\/div>\n\n\t\t<\/div>\n\n\t\t\n<style>\n#section_2091096204 {\n  padding-top: 80px;\n  padding-bottom: 80px;\n}\n<\/style>\n\t<\/section>\n\t\n\n\t<section class=\"section\" id=\"section_1704922831\">\n\t\t<div class=\"section-bg fill\" >\n\t\t\t\t\t\t\t\t\t\n\t\t\t\n\n\t\t<\/div>\n\n\t\t\n\n\t\t<div class=\"section-content relative\">\n\t\t\t\n\n<div class=\"row\"  id=\"row-1604393798\">\n\n\n\t<div id=\"col-1034549349\" class=\"col small-12 large-12\"  >\n\t\t\t\t<div class=\"col-inner text-center\"  >\n\t\t\t\n\t\t\t\n\n\t<div id=\"text-3199335896\" class=\"text\">\n\t\t\n\n<h3>Sucursales<\/h3>\n\t\t\n<style>\n#text-3199335896 {\n  font-size: 1.5rem;\n  text-align: center;\n  color: rgb(0,0,0);\n}\n#text-3199335896 > * {\n  color: rgb(0,0,0);\n}\n<\/style>\n\t<\/div>\n\t\n<div class=\"row align-middle align-center\"  id=\"row-235290985\">\n\n\n\t<div id=\"col-571975395\" class=\"col medium-6 small-11 large-6\"  >\n\t\t\t\t<div class=\"col-inner\" style=\"background-color:rgb(187, 206, 195);\" >\n\t\t\t\n\t<div class=\"is-border\"\n\t\tstyle=\"border-color:rgb(0, 0, 0);border-width:1px 1px 1px 1px;\">\n\t<\/div>\n\t\t\t\n\n\n\n<iframe src=\"https:\/\/www.google.com\/maps\/embed?pb=!1m18!1m12!1m3!1d3330.6500616789986!2d-70.57523262357792!3d-33.40629269525342!2m3!1f0!2f0!3f0!3m2!1i1024!2i768!4f13.1!3m3!1m2!1s0x9662ced8b4b59d77%3A0x7f79483b38214e6c!2sLos%20Militares%205620%2C%20Las%20Condes%2C%20Regi%C3%B3n%20Metropolitana!5e0!3m2!1ses!2scl!4v1748526010626!5m2!1ses!2scl\" width=\"100%\" height=\"400\" style=\"border:0;\" allowfullscreen=\"\" loading=\"lazy\" referrerpolicy=\"no-referrer-when-downgrade\"><\/iframe>\n\n\n\t\t<\/div>\n\t\t\t\t\n<style>\n#col-571975395 > .col-inner {\n  padding: 20px 20px 20px 20px;\n  margin: 0px 0px 0px 0px;\n}\n@media (min-width:550px) {\n  #col-571975395 > .col-inner {\n    padding: 20px 20px 20px 20px;\n  }\n}\n<\/style>\n\t<\/div>\n\n\t\n\n<\/div>\n\t<div id=\"text-485971679\" class=\"text\">\n\t\t\n\n<h3>Florer\u00eda Pascal Santiago<\/h3>\n\t\t\n<style>\n#text-485971679 {\n  font-size: 1.5rem;\n  text-align: center;\n  color: rgb(0,0,0);\n}\n#text-485971679 > * {\n  color: rgb(0,0,0);\n}\n<\/style>\n\t<\/div>\n\t\n\t<div id=\"text-579042110\" class=\"text\">\n\t\t\n\n<p>Descubre todos nuestros arreglos en persona.<\/p>\n\t\t\n<style>\n#text-579042110 {\n  text-align: center;\n  color: rgb(0,0,0);\n}\n#text-579042110 > * {\n  color: rgb(0,0,0);\n}\n<\/style>\n\t<\/div>\n\t\n<a class=\"button primary lowercase buttoncustombl\" style=\"border-radius:10px;padding:0px 60px 0px 60px;\">\n\t\t<span>\u00bfC\u00f3mo llegar?<\/span>\n\t<\/a>\n\n\n\n\t\t<\/div>\n\t\t\t\t\t<\/div>\n\n\t\n\n<\/div>\n\n\t\t<\/div>\n\n\t\t\n<style>\n#section_1704922831 {\n  padding-top: 0px;\n  padding-bottom: 0px;\n}\n@media (min-width:850px) {\n  #section_1704922831 {\n    padding-top: 30px;\n    padding-bottom: 30px;\n  }\n}\n<\/style>\n\t<\/section>\n\t\n\n","protected":false},"excerpt":{"rendered":"","protected":false},"author":1,"featured_media":0,"parent":0,"menu_order":0,"comment_status":"closed","ping_status":"closed","template":"page-blank.php","meta":{"_themeisle_gutenberg_block_has_review":false,"_joinchat":[],"footnotes":""},"class_list":["post-719","page","type-page","status-publish","hentry"],"_links":{"self":[{"href":"https:\/\/florespascal.cl\/temuco\/wp-json\/wp\/v2\/pages\/719","targetHints":{"allow":["GET"]}}],"collection":[{"href":"https:\/\/florespascal.cl\/temuco\/wp-json\/wp\/v2\/pages"}],"about":[{"href":"https:\/\/florespascal.cl\/temuco\/wp-json\/wp\/v2\/types\/page"}],"author":[{"embeddable":true,"href":"https:\/\/florespascal.cl\/temuco\/wp-json\/wp\/v2\/users\/1"}],"replies":[{"embeddable":true,"href":"https:\/\/florespascal.cl\/temuco\/wp-json\/wp\/v2\/comments?post=719"}],"version-history":[{"count":13,"href":"https:\/\/florespascal.cl\/temuco\/wp-json\/wp\/v2\/pages\/719\/revisions"}],"predecessor-version":[{"id":4785,"href":"https:\/\/florespascal.cl\/temuco\/wp-json\/wp\/v2\/pages\/719\/revisions\/4785"}],"wp:attachment":[{"href":"https:\/\/florespascal.cl\/temuco\/wp-json\/wp\/v2\/media?parent=719"}],"curies":[{"name":"wp","href":"https:\/\/api.w.org\/{rel}","templated":true}]}}